{"id":126,"date":"2023-03-16T09:19:29","date_gmt":"2023-03-16T08:19:29","guid":{"rendered":"https:\/\/sport.bwzofingen.ch\/?page_id=126"},"modified":"2023-03-16T09:32:11","modified_gmt":"2023-03-16T08:32:11","slug":"regeln-fuer-sportunterricht","status":"publish","type":"page","link":"https:\/\/sport.bwzofingen.ch\/index.php\/regeln-fuer-sportunterricht\/","title":{"rendered":"Regeln f\u00fcr Sportunterricht"},"content":{"rendered":"\n<ul class=\"wp-block-list\">\n<li><strong>Sportkleider und Sportschuhe tragen<\/strong><br>-&gt; ein klarer Kleider- und Schuhwechsel soll aus hygienischen und verletzungstechnischen Gr\u00fcnden stattfinden<\/li>\n\n\n\n<li><strong>Wertsachen im K\u00e4stchen der Sporthalle deponieren<\/strong><br>-&gt; Smartphones, Kopfh\u00f6rer, Wertsachen, Uhren, Schmuck etc. geh\u00f6ren in den Wertsachenkasten oder in die pers\u00f6nliche Tasche im Ger\u00e4teraum<\/li>\n\n\n\n<li><strong>Aushang \u00abInformationen Schulen\u00bb beachten<\/strong><br>-> bei allgemeinen Hallenwechseln oder Sportunterricht im Freien muss der jeweilige Anhang im Sporthalleneingang beachtet werden<\/li>\n\n\n\n<li><strong>Umziehen in korrekter Garderobe<\/strong><br>-&gt; jeder Halle ist verpflichtend die entsprechende Garderobe zugewiesen (z.Bsp. Halle 3 -&gt; Garderobe 3; Halle 5 -&gt; Garderobe 5)<\/li>\n\n\n\n<li><strong>Ein Joker pro Semester <\/strong><br>-&gt; Um disziplinarisch f\u00fcr &#171;Ordnung&#187; zu sorgen, hat jeder Lernende pro Semester einen &#171;Joker&#187;, bevor die Lehrperson Bussen aussprechen muss\/ soll (z.Bsp. zu sp\u00e4t im Unterricht erscheinen, Sportkleidung vergessen, etc.)<\/li>\n\n\n\n<li><strong>Keine Kaugummis und S\u00fcssgetr\u00e4nke<\/strong><br>-&gt; Kaugummis werden vor dem Sportunterricht korrekt entsorgt und in den Hallen sind nur unges\u00fcsste Getr\u00e4nke erlaubt<\/li>\n<\/ul>\n","protected":false},"excerpt":{"rendered":"","protected":false},"author":2,"featured_media":0,"parent":0,"menu_order":0,"comment_status":"closed","ping_status":"closed","template":"","meta":{"footnotes":""},"class_list":["post-126","page","type-page","status-publish","hentry"],"_links":{"self":[{"href":"https:\/\/sport.bwzofingen.ch\/index.php\/wp-json\/wp\/v2\/pages\/126","targetHints":{"allow":["GET"]}}],"collection":[{"href":"https:\/\/sport.bwzofingen.ch\/index.php\/wp-json\/wp\/v2\/pages"}],"about":[{"href":"https:\/\/sport.bwzofingen.ch\/index.php\/wp-json\/wp\/v2\/types\/page"}],"author":[{"embeddable":true,"href":"https:\/\/sport.bwzofingen.ch\/index.php\/wp-json\/wp\/v2\/users\/2"}],"replies":[{"embeddable":true,"href":"https:\/\/sport.bwzofingen.ch\/index.php\/wp-json\/wp\/v2\/comments?post=126"}],"version-history":[{"count":4,"href":"https:\/\/sport.bwzofingen.ch\/index.php\/wp-json\/wp\/v2\/pages\/126\/revisions"}],"predecessor-version":[{"id":142,"href":"https:\/\/sport.bwzofingen.ch\/index.php\/wp-json\/wp\/v2\/pages\/126\/revisions\/142"}],"wp:attachment":[{"href":"https:\/\/sport.bwzofingen.ch\/index.php\/wp-json\/wp\/v2\/media?parent=126"}],"curies":[{"name":"wp","href":"https:\/\/api.w.org\/{rel}","templated":true}]}}