{"id":129,"date":"2023-03-16T09:22:14","date_gmt":"2023-03-16T08:22:14","guid":{"rendered":"https:\/\/sport.bwzofingen.ch\/?page_id=129"},"modified":"2023-03-16T09:37:16","modified_gmt":"2023-03-16T08:37:16","slug":"kraftraum","status":"publish","type":"page","link":"https:\/\/sport.bwzofingen.ch\/index.php\/kraftraum\/","title":{"rendered":"Kraftraum"},"content":{"rendered":"\n<p>Die BW Zofingen hat die M\u00f6glichkeit, verletzte, kranke Lernende anstelle im Sportunterricht im Kraftraum zu besch\u00e4ftigen.<br><br>-> es gilt die Schulordnung<br>-> im Kraftraum soll mit einem Handtuch trainiert werden<br>-> es ist R\u00fccksicht auf andere Trainierende zu nehmen<br>-> benutze Ger\u00e4te, Hanteln und Gewichtsscheiben sollen wieder ordnungsgem\u00e4ss versorgt werden<br>-> ohne vorg\u00e4ngige Einf\u00fchrung durch eine Lehrperson darf nicht trainiert werden.<\/p>\n\n\n\n<p><strong><mark style=\"background-color:rgba(0, 0, 0, 0)\" class=\"has-inline-color has-ast-global-color-0-color\">ev. noch was zu Trainingslehre beif\u00fcgen?<\/mark><\/strong><\/p>\n\n\n\n<p><\/p>\n","protected":false},"excerpt":{"rendered":"<p>Die BW Zofingen hat die M\u00f6glichkeit, verletzte, kranke Lernende anstelle im Sportunterricht im Kraftraum zu besch\u00e4ftigen. -> es gilt die Schulordnung-> im Kraftraum soll mit einem Handtuch trainiert werden-> es ist R\u00fccksicht auf andere Trainierende zu nehmen-> benutze Ger\u00e4te, Hanteln und Gewichtsscheiben sollen wieder ordnungsgem\u00e4ss versorgt werden-> ohne vorg\u00e4ngige Einf\u00fchrung durch eine Lehrperson darf nicht <a class=\"read-more\" href=\"https:\/\/sport.bwzofingen.ch\/index.php\/kraftraum\/\">READ MORE<\/a><\/p>\n","protected":false},"author":2,"featured_media":0,"parent":0,"menu_order":0,"comment_status":"closed","ping_status":"closed","template":"","meta":{"footnotes":""},"class_list":["post-129","page","type-page","status-publish","hentry"],"_links":{"self":[{"href":"https:\/\/sport.bwzofingen.ch\/index.php\/wp-json\/wp\/v2\/pages\/129","targetHints":{"allow":["GET"]}}],"collection":[{"href":"https:\/\/sport.bwzofingen.ch\/index.php\/wp-json\/wp\/v2\/pages"}],"about":[{"href":"https:\/\/sport.bwzofingen.ch\/index.php\/wp-json\/wp\/v2\/types\/page"}],"author":[{"embeddable":true,"href":"https:\/\/sport.bwzofingen.ch\/index.php\/wp-json\/wp\/v2\/users\/2"}],"replies":[{"embeddable":true,"href":"https:\/\/sport.bwzofingen.ch\/index.php\/wp-json\/wp\/v2\/comments?post=129"}],"version-history":[{"count":3,"href":"https:\/\/sport.bwzofingen.ch\/index.php\/wp-json\/wp\/v2\/pages\/129\/revisions"}],"predecessor-version":[{"id":145,"href":"https:\/\/sport.bwzofingen.ch\/index.php\/wp-json\/wp\/v2\/pages\/129\/revisions\/145"}],"wp:attachment":[{"href":"https:\/\/sport.bwzofingen.ch\/index.php\/wp-json\/wp\/v2\/media?parent=129"}],"curies":[{"name":"wp","href":"https:\/\/api.w.org\/{rel}","templated":true}]}}