{"id":153,"date":"2023-03-22T10:04:40","date_gmt":"2023-03-22T09:04:40","guid":{"rendered":"https:\/\/sport.bwzofingen.ch\/?page_id=153"},"modified":"2023-05-04T08:20:31","modified_gmt":"2023-05-04T06:20:31","slug":"links","status":"publish","type":"page","link":"https:\/\/sport.bwzofingen.ch\/index.php\/links\/","title":{"rendered":"Links"},"content":{"rendered":"\n<p><a href=\"http:\/\/www.bwzofingen.ch\" target=\"_blank\" rel=\"noreferrer noopener\">Berufs- und Weiterbildung Zofingen<\/a><\/p>\n\n\n\n<p><a href=\"https:\/\/www.svss.ch\/\" target=\"_blank\" rel=\"noreferrer noopener\">Schweizerischer Verband f\u00fcr Sport in der Schule <\/a>(SVSS)<\/p>\n\n\n\n<p><a href=\"https:\/\/www.ehsm.admin.ch\/de\/home.html\" target=\"_blank\" rel=\"noreferrer noopener\">Eidgen\u00f6ssische Hochschule f\u00fcr Sport &#8211; Magglingen EHSM<\/a><\/p>\n\n\n\n<p><a href=\"https:\/\/aargauersport.ch\/\" target=\"_blank\" rel=\"noreferrer noopener\">aargauersport.ch<\/a><\/p>\n\n\n\n<p><\/p>\n","protected":false},"excerpt":{"rendered":"<p>Berufs- und Weiterbildung Zofingen Schweizerischer Verband f\u00fcr Sport in der Schule (SVSS) Eidgen\u00f6ssische Hochschule f\u00fcr Sport &#8211; Magglingen EHSM aargauersport.ch<\/p>\n","protected":false},"author":2,"featured_media":0,"parent":0,"menu_order":0,"comment_status":"closed","ping_status":"closed","template":"","meta":{"footnotes":""},"class_list":["post-153","page","type-page","status-publish","hentry"],"_links":{"self":[{"href":"https:\/\/sport.bwzofingen.ch\/index.php\/wp-json\/wp\/v2\/pages\/153","targetHints":{"allow":["GET"]}}],"collection":[{"href":"https:\/\/sport.bwzofingen.ch\/index.php\/wp-json\/wp\/v2\/pages"}],"about":[{"href":"https:\/\/sport.bwzofingen.ch\/index.php\/wp-json\/wp\/v2\/types\/page"}],"author":[{"embeddable":true,"href":"https:\/\/sport.bwzofingen.ch\/index.php\/wp-json\/wp\/v2\/users\/2"}],"replies":[{"embeddable":true,"href":"https:\/\/sport.bwzofingen.ch\/index.php\/wp-json\/wp\/v2\/comments?post=153"}],"version-history":[{"count":11,"href":"https:\/\/sport.bwzofingen.ch\/index.php\/wp-json\/wp\/v2\/pages\/153\/revisions"}],"predecessor-version":[{"id":264,"href":"https:\/\/sport.bwzofingen.ch\/index.php\/wp-json\/wp\/v2\/pages\/153\/revisions\/264"}],"wp:attachment":[{"href":"https:\/\/sport.bwzofingen.ch\/index.php\/wp-json\/wp\/v2\/media?parent=153"}],"curies":[{"name":"wp","href":"https:\/\/api.w.org\/{rel}","templated":true}]}}