{"id":252,"date":"2023-05-04T08:07:54","date_gmt":"2023-05-04T06:07:54","guid":{"rendered":"https:\/\/sport.bwzofingen.ch\/?page_id=252"},"modified":"2023-05-04T08:18:04","modified_gmt":"2023-05-04T06:18:04","slug":"lehrersport","status":"publish","type":"page","link":"https:\/\/sport.bwzofingen.ch\/index.php\/lehrersport\/","title":{"rendered":"Lehrersport"},"content":{"rendered":"\n<p>Jeden <strong>Donnerstagabend<\/strong> von <strong>17.15 &#8211; ??<\/strong> findet in der Sporthalle 5 oder auf den Aussenpl\u00e4tzen des BZZ der Lehrersport f\u00fcr alle interessierten Lehrpersonen statt. <br>In den Fr\u00fchlings- und Sommermonaten wird haupts\u00e4chlich Fussball trainiert, in den k\u00e4lteren Monaten wird grunds\u00e4tzlich auf das Anfang Januar stattfindende Unihockeyturnier hin gearbeitet.<br>Nat\u00fcrlich werden aufgrund der Anzahl Teilnehmer ebenfalls wunschgem\u00e4ss andere Sportarten ausge\u00fcbt- ganz nach dem Motto: &#8230;.. (Spruch?)<br><br><strong>Haben wir dein Interesse geweckt?<\/strong><br><br>Melde dich doch unbedingt sofort bei &#8230;&#8230;(Mailadresse?)<\/p>\n\n\n\n<p>(es folgen noch Bilder)<\/p>\n\n\n\n<p><\/p>\n","protected":false},"excerpt":{"rendered":"<p>Jeden Donnerstagabend von 17.15 &#8211; ?? findet in der Sporthalle 5 oder auf den Aussenpl\u00e4tzen des BZZ der Lehrersport f\u00fcr alle interessierten Lehrpersonen statt. In den Fr\u00fchlings- und Sommermonaten wird haupts\u00e4chlich Fussball trainiert, in den k\u00e4lteren Monaten wird grunds\u00e4tzlich auf das Anfang Januar stattfindende Unihockeyturnier hin gearbeitet.Nat\u00fcrlich werden aufgrund der Anzahl Teilnehmer ebenfalls wunschgem\u00e4ss andere <a class=\"read-more\" href=\"https:\/\/sport.bwzofingen.ch\/index.php\/lehrersport\/\">READ MORE<\/a><\/p>\n","protected":false},"author":2,"featured_media":0,"parent":0,"menu_order":0,"comment_status":"closed","ping_status":"closed","template":"","meta":{"footnotes":""},"class_list":["post-252","page","type-page","status-publish","hentry"],"_links":{"self":[{"href":"https:\/\/sport.bwzofingen.ch\/index.php\/wp-json\/wp\/v2\/pages\/252","targetHints":{"allow":["GET"]}}],"collection":[{"href":"https:\/\/sport.bwzofingen.ch\/index.php\/wp-json\/wp\/v2\/pages"}],"about":[{"href":"https:\/\/sport.bwzofingen.ch\/index.php\/wp-json\/wp\/v2\/types\/page"}],"author":[{"embeddable":true,"href":"https:\/\/sport.bwzofingen.ch\/index.php\/wp-json\/wp\/v2\/users\/2"}],"replies":[{"embeddable":true,"href":"https:\/\/sport.bwzofingen.ch\/index.php\/wp-json\/wp\/v2\/comments?post=252"}],"version-history":[{"count":4,"href":"https:\/\/sport.bwzofingen.ch\/index.php\/wp-json\/wp\/v2\/pages\/252\/revisions"}],"predecessor-version":[{"id":261,"href":"https:\/\/sport.bwzofingen.ch\/index.php\/wp-json\/wp\/v2\/pages\/252\/revisions\/261"}],"wp:attachment":[{"href":"https:\/\/sport.bwzofingen.ch\/index.php\/wp-json\/wp\/v2\/media?parent=252"}],"curies":[{"name":"wp","href":"https:\/\/api.w.org\/{rel}","templated":true}]}}